{"id":548,"date":"2021-03-02T17:39:56","date_gmt":"2021-03-02T16:39:56","guid":{"rendered":"http:\/\/blog.poltradetech.com\/?page_id=548"},"modified":"2021-03-02T17:39:56","modified_gmt":"2021-03-02T16:39:56","slug":"polityka-prywatnosci","status":"publish","type":"page","link":"https:\/\/blog.poltradetech.com\/index.php\/polityka-prywatnosci\/","title":{"rendered":"Polityka prywatno\u015bci"},"content":{"rendered":"<p><strong>Przegl\u0105daj\u0105c i u\u017cywaj\u0105c \u00a0strony www.poltradetech.com, wyra\u017caj\u0105 Pa\u0144stwo zgod\u0119 na u\u017cywanie plik\u00f3w cookie, zgodnie z niniejsz\u0105 polityk\u0105.<\/strong><br \/>\nJe\u015bli nie zgadzaj\u0105 si\u0119 Pa\u0144stwo na u\u017cywanie plik\u00f3w cookie, prosimy o zmian\u0119 ustawie\u0144 w swojej przegl\u0105darce internetowej lub opuszczenie naszych stron www.<\/p>\n<p><strong>Pliki cookie to<\/strong>\u00a0niewielkie pliki tekstowe, zapisywane i przechowywane na Pa\u0144stwa komputerze lub innym urz\u0105dzeniu, podczas przegl\u0105dania stron www. Przy kolejnych Pa\u0144stwa wizytach na danych stronach, pliki cookie s\u0105 przesy\u0142ane przez Pa\u0144stwa przegl\u0105dark\u0119 w celu odczytania indywidualnych ustawie\u0144 wykorzystywanych na danej stronie www.<br \/>\nDzia\u0142anie takie u\u0142atwia Pa\u0144stwu korzystanie z serwis\u00f3w internetowych.<br \/>\nDzi\u0119ki plikom cookie, u\u017cytkownicy nie musz\u0105 np. ponownie wykonywa\u0107 okre\u015blonych czynno\u015bci jak logowanie, powr\u00f3t do koszyka zakup\u00f3w itp.<br \/>\nPlik cookie zawiera nazw\u0119 witryny z kt\u00f3rej pochodzi, czas jego istnienia oraz unikalny kod identyfikuj\u0105cy przegl\u0105dark\u0119 z jakiej nast\u0119puje po\u0142\u0105czenie.<\/p>\n<p><strong>U\u017cywanie przez BLOG.POLTRADETECH plik\u00f3w cookie<\/strong>, ma na celu u\u0142atwienie Pa\u0144stwu korzystanie z naszych serwis\u00f3w internetowych oraz przekazanie anonimowych danych statystycznych. Dzi\u0119ki tym danym, mo\u017cemy stale dba\u0107 o wysok\u0105 jako\u015b\u0107 us\u0142ug i popraw\u0119 funkcjonalno\u015bci naszych serwis\u00f3w .<\/p>\n<p><strong>BLOG.POLTRADETECH.COM wykorzystuje nast\u0119puj\u0105ce pliki cookie:<\/strong><\/p>\n<ul>\n<li><strong>pliki sesji<\/strong>, kt\u00f3re dzia\u0142aj\u0105 tylko podczas trwania Pa\u0144stwa wizyty na naszych stronach. Pliki tego typu przechowuj\u0105 informacje o dzia\u0142aniach u\u017cytkownik\u00f3w strony, tak aby np. przy zerwanym po\u0142\u0105czeniu internetowym, m\u00f3c bez problemu powr\u00f3ci\u0107 do przegl\u0105danej tre\u015bci.<\/li>\n<\/ul>\n<ul>\n<li><strong>pliki trwa\u0142e<\/strong>, kt\u00f3re pozostaj\u0105 na Pa\u0144stwa komputerze lub innym urz\u0105dzeniu, r\u00f3wnie\u017c po opuszczeniu strony www. Dzi\u0119ki tego typu plikom, podczas ponownej wizyty na naszych stronach, zapami\u0119tywane s\u0105 Pa\u0144stwa ustawienia i wybory ( np. nazwa u\u017cytkownika, zawarto\u015b\u0107 koszyka-zam\u00f3wienia itp. ).<\/li>\n<\/ul>\n<p>Korzystaj\u0105c ze\u00a0\u00a0strony www.poltradetech.com mog\u0105 Pa\u0144stwo r\u00f3wnie\u017c otrzymywa\u0107 pliki cookie pochodz\u0105ce z zewn\u0119trznych witryn internetowych np. google, facebook, twitter lub inne podmioty, kt\u00f3rych us\u0142ugi wykorzystywane s\u0105 na naszych stronach. Wi\u0119cej informacji na temat tych plik\u00f3w cookie, mog\u0105 Pa\u0144stwo znale\u017a\u0107 na stronach internetowych poszczeg\u00f3lnych zewn\u0119trznych us\u0142ugodawc\u00f3w ( np.<a href=\"http:\/\/www.google.pl\/intl\/pl\/policies\/privacy\/\">\u00a0www.google.pl<\/a>\u00a0).<\/p>\n<p><strong>W celu wy\u0142\u0105czenia plik\u00f3w cookie<\/strong>\u00a0nale\u017cy odpowiednio skonfigurowa\u0107 wykorzystywan\u0105 przez Pa\u0144stwa przegl\u0105dark\u0119 internetow\u0105.<br \/>\nWi\u0119kszo\u015b\u0107 przegl\u0105darek domy\u015blnie ustawiona jest na automatyczne przyjmowanie plik\u00f3w cookie. Aby to zmieni\u0107, w narz\u0119dziach danej przegl\u0105darki nale\u017cy odszuka\u0107 opcji dotycz\u0105cej prywatno\u015bci, gdzie zwykle mo\u017cna ca\u0142kowicie lub cz\u0119\u015bciowo wy\u0142\u0105czy\u0107 przyjmowanie plik\u00f3w cookie.<br \/>\nProsimy jednak pami\u0119ta\u0107, \u017ce zablokowanie plik\u00f3w cookie mo\u017ce negatywnie wp\u0142ywa\u0107 na funkcjonalno\u015b\u0107 i wygod\u0119 u\u017cytkowania naszych stron www.<\/p>\n","protected":false},"excerpt":{"rendered":"<p>Przegl\u0105daj\u0105c i u\u017cywaj\u0105c \u00a0strony www.poltradetech.com, wyra\u017caj\u0105 Pa\u0144stwo zgod\u0119 na u\u017cywanie plik\u00f3w cookie, zgodnie z niniejsz\u0105 polityk\u0105. Je\u015bli nie zgadzaj\u0105 si\u0119 Pa\u0144stwo na u\u017cywanie plik\u00f3w cookie, prosimy o zmian\u0119 ustawie\u0144 w swojej przegl\u0105darce internetowej lub opuszczenie naszych stron www. Pliki cookie [&hellip;]<\/p>\n","protected":false},"author":5,"featured_media":0,"parent":0,"menu_order":0,"comment_status":"closed","ping_status":"closed","template":"","meta":{"footnotes":""},"class_list":["post-548","page","type-page","status-publish","hentry"],"yoast_head":"<!-- This site is optimized with the Yoast SEO plugin v26.6 - https:\/\/yoast.com\/wordpress\/plugins\/seo\/ -->\n<title>Polityka prywatno\u015bci - Poltrade Technologies<\/title>\n<meta name=\"robots\" content=\"index, follow, max-snippet:-1, max-image-preview:large, max-video-preview:-1\" \/>\n<link rel=\"canonical\" href=\"https:\/\/blog.poltradetech.com\/index.php\/polityka-prywatnosci\/\" \/>\n<meta property=\"og:locale\" content=\"pl_PL\" \/>\n<meta property=\"og:type\" content=\"article\" \/>\n<meta property=\"og:title\" content=\"Polityka prywatno\u015bci - Poltrade Technologies\" \/>\n<meta property=\"og:description\" content=\"Przegl\u0105daj\u0105c i u\u017cywaj\u0105c \u00a0strony www.poltradetech.com, wyra\u017caj\u0105 Pa\u0144stwo zgod\u0119 na u\u017cywanie plik\u00f3w cookie, zgodnie z niniejsz\u0105 polityk\u0105. Je\u015bli nie zgadzaj\u0105 si\u0119 Pa\u0144stwo na u\u017cywanie plik\u00f3w cookie, prosimy o zmian\u0119 ustawie\u0144 w swojej przegl\u0105darce internetowej lub opuszczenie naszych stron www. Pliki cookie [&hellip;]\" \/>\n<meta property=\"og:url\" content=\"https:\/\/blog.poltradetech.com\/index.php\/polityka-prywatnosci\/\" \/>\n<meta property=\"og:site_name\" content=\"Poltrade Technologies\" \/>\n<meta name=\"twitter:card\" content=\"summary_large_image\" \/>\n<meta name=\"twitter:label1\" content=\"Szacowany czas czytania\" \/>\n\t<meta name=\"twitter:data1\" content=\"2 minuty\" \/>\n<script type=\"application\/ld+json\" class=\"yoast-schema-graph\">{\"@context\":\"https:\/\/schema.org\",\"@graph\":[{\"@type\":\"WebPage\",\"@id\":\"https:\/\/blog.poltradetech.com\/index.php\/polityka-prywatnosci\/\",\"url\":\"https:\/\/blog.poltradetech.com\/index.php\/polityka-prywatnosci\/\",\"name\":\"Polityka prywatno\u015bci - Poltrade Technologies\",\"isPartOf\":{\"@id\":\"https:\/\/blog.poltradetech.com\/#website\"},\"datePublished\":\"2021-03-02T16:39:56+00:00\",\"breadcrumb\":{\"@id\":\"https:\/\/blog.poltradetech.com\/index.php\/polityka-prywatnosci\/#breadcrumb\"},\"inLanguage\":\"pl-PL\",\"potentialAction\":[{\"@type\":\"ReadAction\",\"target\":[\"https:\/\/blog.poltradetech.com\/index.php\/polityka-prywatnosci\/\"]}]},{\"@type\":\"BreadcrumbList\",\"@id\":\"https:\/\/blog.poltradetech.com\/index.php\/polityka-prywatnosci\/#breadcrumb\",\"itemListElement\":[{\"@type\":\"ListItem\",\"position\":1,\"name\":\"Strona g\u0142\u00f3wna\",\"item\":\"https:\/\/blog.poltradetech.com\/\"},{\"@type\":\"ListItem\",\"position\":2,\"name\":\"Polityka prywatno\u015bci\"}]},{\"@type\":\"WebSite\",\"@id\":\"https:\/\/blog.poltradetech.com\/#website\",\"url\":\"https:\/\/blog.poltradetech.com\/\",\"name\":\"Poltrade Technologies\",\"description\":\"Miernictwo\/ aparatura pomiarowa\",\"potentialAction\":[{\"@type\":\"SearchAction\",\"target\":{\"@type\":\"EntryPoint\",\"urlTemplate\":\"https:\/\/blog.poltradetech.com\/?s={search_term_string}\"},\"query-input\":{\"@type\":\"PropertyValueSpecification\",\"valueRequired\":true,\"valueName\":\"search_term_string\"}}],\"inLanguage\":\"pl-PL\"}]}<\/script>\n<!-- \/ Yoast SEO plugin. -->","yoast_head_json":{"title":"Polityka prywatno\u015bci - Poltrade Technologies","robots":{"index":"index","follow":"follow","max-snippet":"max-snippet:-1","max-image-preview":"max-image-preview:large","max-video-preview":"max-video-preview:-1"},"canonical":"https:\/\/blog.poltradetech.com\/index.php\/polityka-prywatnosci\/","og_locale":"pl_PL","og_type":"article","og_title":"Polityka prywatno\u015bci - Poltrade Technologies","og_description":"Przegl\u0105daj\u0105c i u\u017cywaj\u0105c \u00a0strony www.poltradetech.com, wyra\u017caj\u0105 Pa\u0144stwo zgod\u0119 na u\u017cywanie plik\u00f3w cookie, zgodnie z niniejsz\u0105 polityk\u0105. Je\u015bli nie zgadzaj\u0105 si\u0119 Pa\u0144stwo na u\u017cywanie plik\u00f3w cookie, prosimy o zmian\u0119 ustawie\u0144 w swojej przegl\u0105darce internetowej lub opuszczenie naszych stron www. Pliki cookie [&hellip;]","og_url":"https:\/\/blog.poltradetech.com\/index.php\/polityka-prywatnosci\/","og_site_name":"Poltrade Technologies","twitter_card":"summary_large_image","twitter_misc":{"Szacowany czas czytania":"2 minuty"},"schema":{"@context":"https:\/\/schema.org","@graph":[{"@type":"WebPage","@id":"https:\/\/blog.poltradetech.com\/index.php\/polityka-prywatnosci\/","url":"https:\/\/blog.poltradetech.com\/index.php\/polityka-prywatnosci\/","name":"Polityka prywatno\u015bci - Poltrade Technologies","isPartOf":{"@id":"https:\/\/blog.poltradetech.com\/#website"},"datePublished":"2021-03-02T16:39:56+00:00","breadcrumb":{"@id":"https:\/\/blog.poltradetech.com\/index.php\/polityka-prywatnosci\/#breadcrumb"},"inLanguage":"pl-PL","potentialAction":[{"@type":"ReadAction","target":["https:\/\/blog.poltradetech.com\/index.php\/polityka-prywatnosci\/"]}]},{"@type":"BreadcrumbList","@id":"https:\/\/blog.poltradetech.com\/index.php\/polityka-prywatnosci\/#breadcrumb","itemListElement":[{"@type":"ListItem","position":1,"name":"Strona g\u0142\u00f3wna","item":"https:\/\/blog.poltradetech.com\/"},{"@type":"ListItem","position":2,"name":"Polityka prywatno\u015bci"}]},{"@type":"WebSite","@id":"https:\/\/blog.poltradetech.com\/#website","url":"https:\/\/blog.poltradetech.com\/","name":"Poltrade Technologies","description":"Miernictwo\/ aparatura pomiarowa","potentialAction":[{"@type":"SearchAction","target":{"@type":"EntryPoint","urlTemplate":"https:\/\/blog.poltradetech.com\/?s={search_term_string}"},"query-input":{"@type":"PropertyValueSpecification","valueRequired":true,"valueName":"search_term_string"}}],"inLanguage":"pl-PL"}]}},"_links":{"self":[{"href":"https:\/\/blog.poltradetech.com\/index.php\/wp-json\/wp\/v2\/pages\/548","targetHints":{"allow":["GET"]}}],"collection":[{"href":"https:\/\/blog.poltradetech.com\/index.php\/wp-json\/wp\/v2\/pages"}],"about":[{"href":"https:\/\/blog.poltradetech.com\/index.php\/wp-json\/wp\/v2\/types\/page"}],"author":[{"embeddable":true,"href":"https:\/\/blog.poltradetech.com\/index.php\/wp-json\/wp\/v2\/users\/5"}],"replies":[{"embeddable":true,"href":"https:\/\/blog.poltradetech.com\/index.php\/wp-json\/wp\/v2\/comments?post=548"}],"version-history":[{"count":1,"href":"https:\/\/blog.poltradetech.com\/index.php\/wp-json\/wp\/v2\/pages\/548\/revisions"}],"predecessor-version":[{"id":549,"href":"https:\/\/blog.poltradetech.com\/index.php\/wp-json\/wp\/v2\/pages\/548\/revisions\/549"}],"wp:attachment":[{"href":"https:\/\/blog.poltradetech.com\/index.php\/wp-json\/wp\/v2\/media?parent=548"}],"curies":[{"name":"wp","href":"https:\/\/api.w.org\/{rel}","templated":true}]}}